{"id":11,"date":"2025-05-22T11:35:10","date_gmt":"2025-05-22T11:35:10","guid":{"rendered":"https:\/\/supermercadoonandi.rkinformatika.online\/?page_id=11"},"modified":"2025-05-23T07:29:03","modified_gmt":"2025-05-23T07:29:03","slug":"productos","status":"publish","type":"page","link":"https:\/\/supermercadoonandi.com\/eu\/productos\/","title":{"rendered":"Produktuak"},"content":{"rendered":"<div data-elementor-type=\"wp-page\" data-elementor-id=\"11\" class=\"elementor elementor-11\" data-elementor-post-type=\"page\">\n\t\t\t\t<div class=\"elementor-element elementor-element-edde483 e-flex e-con-boxed e-con e-parent\" data-id=\"edde483\" data-element_type=\"container\" data-e-type=\"container\">\n\t\t\t\t\t<div class=\"e-con-inner\">\n\t\t\t\t<div class=\"elementor-element elementor-element-a6ff2ea elementor-widget elementor-widget-heading\" data-id=\"a6ff2ea\" data-element_type=\"widget\" data-e-type=\"widget\" data-widget_type=\"heading.default\">\n\t\t\t\t<div class=\"elementor-widget-container\">\n\t\t\t\t\t<h2 class=\"elementor-heading-title elementor-size-default\">Produktuak<\/h2>\t\t\t\t<\/div>\n\t\t\t\t<\/div>\n\t\t\t\t\t<\/div>\n\t\t\t\t<\/div>\n\t\t<div class=\"elementor-element elementor-element-9a3158b e-flex e-con-boxed e-con e-parent\" data-id=\"9a3158b\" data-element_type=\"container\" data-e-type=\"container\" data-settings=\"{&quot;background_background&quot;:&quot;classic&quot;}\">\n\t\t\t\t\t<div class=\"e-con-inner\">\n\t\t<div class=\"elementor-element elementor-element-27deacb e-con-full e-flex e-con e-child\" data-id=\"27deacb\" data-element_type=\"container\" data-e-type=\"container\">\n\t\t\t\t<div class=\"elementor-element elementor-element-e6e5bec elementor-widget elementor-widget-heading\" data-id=\"e6e5bec\" data-element_type=\"widget\" data-e-type=\"widget\" data-widget_type=\"heading.default\">\n\t\t\t\t<div class=\"elementor-widget-container\">\n\t\t\t\t\t<h2 class=\"elementor-heading-title elementor-size-default\">Productos de primera calidad y caseros<\/h2>\t\t\t\t<\/div>\n\t\t\t\t<\/div>\n\t\t\t\t<div class=\"elementor-element elementor-element-53dc1be elementor-widget elementor-widget-text-editor\" data-id=\"53dc1be\" data-element_type=\"widget\" data-e-type=\"widget\" data-widget_type=\"text-editor.default\">\n\t\t\t\t<div class=\"elementor-widget-container\">\n\t\t\t\t\t\t\t\t\t<p>Nos esforzamos por ofrecerte frutas y verduras que saben a lo que tienen que saber. Recolectadas en su punto \u00f3ptimo de maduraci\u00f3n, sin procesos industriales, para conservar todo su valor nutritivo y su sabor natural.<\/p>\t\t\t\t\t\t\t\t<\/div>\n\t\t\t\t<\/div>\n\t\t\t\t<\/div>\n\t\t<div class=\"elementor-element elementor-element-16cd4d5 e-con-full e-flex e-con e-child\" data-id=\"16cd4d5\" data-element_type=\"container\" data-e-type=\"container\">\n\t\t\t\t<div class=\"elementor-element elementor-element-aead3f5 elementor-widget elementor-widget-image\" data-id=\"aead3f5\" data-element_type=\"widget\" data-e-type=\"widget\" data-widget_type=\"image.default\">\n\t\t\t\t<div class=\"elementor-widget-container\">\n\t\t\t\t\t\t\t\t\t\t\t\t\t\t\t<img fetchpriority=\"high\" decoding=\"async\" width=\"800\" height=\"534\" src=\"https:\/\/supermercadoonandi.com\/wp-content\/uploads\/2025\/05\/2148955534-1024x683.jpg\" class=\"attachment-large size-large wp-image-284\" alt=\"\" srcset=\"https:\/\/supermercadoonandi.com\/wp-content\/uploads\/2025\/05\/2148955534-1024x683.jpg 1024w, https:\/\/supermercadoonandi.com\/wp-content\/uploads\/2025\/05\/2148955534-300x200.jpg 300w, https:\/\/supermercadoonandi.com\/wp-content\/uploads\/2025\/05\/2148955534-768x512.jpg 768w, https:\/\/supermercadoonandi.com\/wp-content\/uploads\/2025\/05\/2148955534-18x12.jpg 18w, https:\/\/supermercadoonandi.com\/wp-content\/uploads\/2025\/05\/2148955534.jpg 1500w\" sizes=\"(max-width: 800px) 100vw, 800px\" \/>\t\t\t\t\t\t\t\t\t\t\t\t\t\t\t<\/div>\n\t\t\t\t<\/div>\n\t\t\t\t<\/div>\n\t\t<div class=\"elementor-element elementor-element-5cce4ad e-con-full e-flex e-con e-child\" data-id=\"5cce4ad\" data-element_type=\"container\" data-e-type=\"container\">\n\t\t\t\t<div class=\"elementor-element elementor-element-936023f elementor-widget elementor-widget-image\" data-id=\"936023f\" data-element_type=\"widget\" data-e-type=\"widget\" data-widget_type=\"image.default\">\n\t\t\t\t<div class=\"elementor-widget-container\">\n\t\t\t\t\t\t\t\t\t\t\t\t\t\t\t<img decoding=\"async\" width=\"800\" height=\"485\" src=\"https:\/\/supermercadoonandi.com\/wp-content\/uploads\/2025\/05\/6377-1024x621.jpg\" class=\"attachment-large size-large wp-image-136\" alt=\"\" srcset=\"https:\/\/supermercadoonandi.com\/wp-content\/uploads\/2025\/05\/6377-1024x621.jpg 1024w, https:\/\/supermercadoonandi.com\/wp-content\/uploads\/2025\/05\/6377-300x182.jpg 300w, https:\/\/supermercadoonandi.com\/wp-content\/uploads\/2025\/05\/6377-768x466.jpg 768w, https:\/\/supermercadoonandi.com\/wp-content\/uploads\/2025\/05\/6377-18x12.jpg 18w, https:\/\/supermercadoonandi.com\/wp-content\/uploads\/2025\/05\/6377.jpg 1500w\" sizes=\"(max-width: 800px) 100vw, 800px\" \/>\t\t\t\t\t\t\t\t\t\t\t\t\t\t\t<\/div>\n\t\t\t\t<\/div>\n\t\t\t\t<\/div>\n\t\t<div class=\"elementor-element elementor-element-ca8dd90 e-con-full e-flex e-con e-child\" data-id=\"ca8dd90\" data-element_type=\"container\" data-e-type=\"container\">\n\t\t\t\t<div class=\"elementor-element elementor-element-1ba35dc elementor-widget elementor-widget-heading\" data-id=\"1ba35dc\" data-element_type=\"widget\" data-e-type=\"widget\" data-widget_type=\"heading.default\">\n\t\t\t\t<div class=\"elementor-widget-container\">\n\t\t\t\t\t<h2 class=\"elementor-heading-title elementor-size-default\">Frutas de temporada<\/h2>\t\t\t\t<\/div>\n\t\t\t\t<\/div>\n\t\t\t\t<div class=\"elementor-element elementor-element-423e10c elementor-widget elementor-widget-text-editor\" data-id=\"423e10c\" data-element_type=\"widget\" data-e-type=\"widget\" data-widget_type=\"text-editor.default\">\n\t\t\t\t<div class=\"elementor-widget-container\">\n\t\t\t\t\t\t\t\t\t<p>Comer fruta de temporada no solo es m\u00e1s sostenible, tambi\u00e9n es m\u00e1s saludable y sabroso. Cada semana encontrar\u00e1s lo mejor del campo, directamente a tu mesa<\/p>\t\t\t\t\t\t\t\t<\/div>\n\t\t\t\t<\/div>\n\t\t\t\t<\/div>\n\t\t\t\t\t<\/div>\n\t\t\t\t<\/div>\n\t\t<div class=\"elementor-element elementor-element-6d895db e-flex e-con-boxed e-con e-parent\" data-id=\"6d895db\" data-element_type=\"container\" data-e-type=\"container\">\n\t\t\t\t\t<div class=\"e-con-inner\">\n\t\t\t\t<div class=\"elementor-element elementor-element-697a5a3 elementor-cta--skin-cover elementor-animated-content elementor-bg-transform elementor-bg-transform-zoom-in elementor-widget elementor-widget-call-to-action\" data-id=\"697a5a3\" data-element_type=\"widget\" data-e-type=\"widget\" data-widget_type=\"call-to-action.default\">\n\t\t\t\t<div class=\"elementor-widget-container\">\n\t\t\t\t\t\t\t<div class=\"elementor-cta\">\n\t\t\t\t\t<div class=\"elementor-cta__bg-wrapper\">\n\t\t\t\t<div class=\"elementor-cta__bg elementor-bg\" style=\"background-image: url(https:\/\/supermercadoonandi.com\/wp-content\/uploads\/2025\/05\/4546-1024x536.jpg);\" role=\"img\" aria-label=\"4546\"><\/div>\n\t\t\t\t<div class=\"elementor-cta__bg-overlay\"><\/div>\n\t\t\t<\/div>\n\t\t\t\t\t\t\t<div class=\"elementor-cta__content\">\n\t\t\t\t\n\t\t\t\t\t\t\t\t\t<h2 class=\"elementor-cta__title elementor-cta__content-item elementor-content-item elementor-animated-item--grow\">\n\t\t\t\t\t\t\u00bfTienes alguna duda? Estamos aqu\u00ed para ayudarte.\t\t\t\t\t<\/h2>\n\t\t\t\t\n\t\t\t\t\t\t\t\t\t<div class=\"elementor-cta__description elementor-cta__content-item elementor-content-item elementor-animated-item--grow\">\n\t\t\t\t\t\tEn Onandi Supermerkatua, nos encanta atenderte de forma cercana y directa.\t\t\t\t\t<\/div>\n\t\t\t\t\n\t\t\t\t\t\t\t\t\t<div class=\"elementor-cta__button-wrapper elementor-cta__content-item elementor-content-item elementor-animated-item--grow\">\n\t\t\t\t\t<a class=\"elementor-cta__button elementor-button elementor-size-\" href=\"https:\/\/supermercadoonandi.com\/index.php\/contactos\/\">\n\t\t\t\t\t\tKontaktuak\t\t\t\t\t<\/a>\n\t\t\t\t\t<\/div>\n\t\t\t\t\t\t\t<\/div>\n\t\t\t\t\t\t<\/div>\n\t\t\t\t\t\t<\/div>\n\t\t\t\t<\/div>\n\t\t\t\t\t<\/div>\n\t\t\t\t<\/div>\n\t\t\t\t<\/div>","protected":false},"excerpt":{"rendered":"<p>Productos Productos de primera calidad y caseros Nos esforzamos por ofrecerte frutas y verduras que saben a lo que tienen que saber. Recolectadas en su punto \u00f3ptimo de maduraci\u00f3n, sin procesos industriales, para conservar todo su valor nutritivo y su sabor natural. Frutas de temporada Comer fruta de temporada no solo es m\u00e1s sostenible, tambi\u00e9n [&hellip;]<\/p>\n","protected":false},"author":1,"featured_media":0,"parent":0,"menu_order":0,"comment_status":"closed","ping_status":"closed","template":"","meta":{"footnotes":""},"class_list":["post-11","page","type-page","status-publish","hentry"],"yoast_head":"<!-- This site is optimized with the Yoast SEO plugin v27.3 - https:\/\/yoast.com\/product\/yoast-seo-wordpress\/ -->\n<title>Productos - Onandi Supermercado<\/title>\n<meta name=\"robots\" content=\"index, follow, max-snippet:-1, max-image-preview:large, max-video-preview:-1\" \/>\n<link rel=\"canonical\" href=\"https:\/\/supermercadoonandi.com\/eu\/productos\/\" \/>\n<meta property=\"og:locale\" content=\"en_US\" \/>\n<meta property=\"og:type\" content=\"article\" \/>\n<meta property=\"og:title\" content=\"Productos - Onandi Supermercado\" \/>\n<meta property=\"og:description\" content=\"Productos Productos de primera calidad y caseros Nos esforzamos por ofrecerte frutas y verduras que saben a lo que tienen que saber. Recolectadas en su punto \u00f3ptimo de maduraci\u00f3n, sin procesos industriales, para conservar todo su valor nutritivo y su sabor natural. Frutas de temporada Comer fruta de temporada no solo es m\u00e1s sostenible, tambi\u00e9n [&hellip;]\" \/>\n<meta property=\"og:url\" content=\"https:\/\/supermercadoonandi.com\/eu\/productos\/\" \/>\n<meta property=\"og:site_name\" content=\"Onandi Supermercado\" \/>\n<meta property=\"article:modified_time\" content=\"2025-05-23T07:29:03+00:00\" \/>\n<meta property=\"og:image\" content=\"https:\/\/supermercadoonandi.com\/wp-content\/uploads\/2025\/05\/2148955534-1024x683.jpg\" \/>\n<meta name=\"twitter:card\" content=\"summary_large_image\" \/>\n<meta name=\"twitter:label1\" content=\"Est. reading time\" \/>\n\t<meta name=\"twitter:data1\" content=\"1 minutua\" \/>\n<script type=\"application\/ld+json\" class=\"yoast-schema-graph\">{\"@context\":\"https:\\\/\\\/schema.org\",\"@graph\":[{\"@type\":\"WebPage\",\"@id\":\"https:\\\/\\\/supermercadoonandi.com\\\/productos\\\/\",\"url\":\"https:\\\/\\\/supermercadoonandi.com\\\/productos\\\/\",\"name\":\"Productos - Onandi Supermercado\",\"isPartOf\":{\"@id\":\"https:\\\/\\\/supermercadoonandi.com\\\/#website\"},\"primaryImageOfPage\":{\"@id\":\"https:\\\/\\\/supermercadoonandi.com\\\/productos\\\/#primaryimage\"},\"image\":{\"@id\":\"https:\\\/\\\/supermercadoonandi.com\\\/productos\\\/#primaryimage\"},\"thumbnailUrl\":\"https:\\\/\\\/supermercadoonandi.com\\\/wp-content\\\/uploads\\\/2025\\\/05\\\/2148955534-1024x683.jpg\",\"datePublished\":\"2025-05-22T11:35:10+00:00\",\"dateModified\":\"2025-05-23T07:29:03+00:00\",\"breadcrumb\":{\"@id\":\"https:\\\/\\\/supermercadoonandi.com\\\/productos\\\/#breadcrumb\"},\"inLanguage\":\"eu\",\"potentialAction\":[{\"@type\":\"ReadAction\",\"target\":[\"https:\\\/\\\/supermercadoonandi.com\\\/productos\\\/\"]}]},{\"@type\":\"ImageObject\",\"inLanguage\":\"eu\",\"@id\":\"https:\\\/\\\/supermercadoonandi.com\\\/productos\\\/#primaryimage\",\"url\":\"https:\\\/\\\/supermercadoonandi.com\\\/wp-content\\\/uploads\\\/2025\\\/05\\\/2148955534-1024x683.jpg\",\"contentUrl\":\"https:\\\/\\\/supermercadoonandi.com\\\/wp-content\\\/uploads\\\/2025\\\/05\\\/2148955534-1024x683.jpg\"},{\"@type\":\"BreadcrumbList\",\"@id\":\"https:\\\/\\\/supermercadoonandi.com\\\/productos\\\/#breadcrumb\",\"itemListElement\":[{\"@type\":\"ListItem\",\"position\":1,\"name\":\"Portada\",\"item\":\"https:\\\/\\\/supermercadoonandi.com\\\/\"},{\"@type\":\"ListItem\",\"position\":2,\"name\":\"Productos\"}]},{\"@type\":\"WebSite\",\"@id\":\"https:\\\/\\\/supermercadoonandi.com\\\/#website\",\"url\":\"https:\\\/\\\/supermercadoonandi.com\\\/\",\"name\":\"Onandi Supermercado\",\"description\":\"Fruter\u00eda\",\"publisher\":{\"@id\":\"https:\\\/\\\/supermercadoonandi.com\\\/#organization\"},\"potentialAction\":[{\"@type\":\"SearchAction\",\"target\":{\"@type\":\"EntryPoint\",\"urlTemplate\":\"https:\\\/\\\/supermercadoonandi.com\\\/?s={search_term_string}\"},\"query-input\":{\"@type\":\"PropertyValueSpecification\",\"valueRequired\":true,\"valueName\":\"search_term_string\"}}],\"inLanguage\":\"eu\"},{\"@type\":\"Organization\",\"@id\":\"https:\\\/\\\/supermercadoonandi.com\\\/#organization\",\"name\":\"Onandi Supermercado\",\"url\":\"https:\\\/\\\/supermercadoonandi.com\\\/\",\"logo\":{\"@type\":\"ImageObject\",\"inLanguage\":\"eu\",\"@id\":\"https:\\\/\\\/supermercadoonandi.com\\\/#\\\/schema\\\/logo\\\/image\\\/\",\"url\":\"https:\\\/\\\/supermercadoonandi.com\\\/wp-content\\\/uploads\\\/2025\\\/05\\\/cropped-Onandi-1.png\",\"contentUrl\":\"https:\\\/\\\/supermercadoonandi.com\\\/wp-content\\\/uploads\\\/2025\\\/05\\\/cropped-Onandi-1.png\",\"width\":500,\"height\":471,\"caption\":\"Onandi Supermercado\"},\"image\":{\"@id\":\"https:\\\/\\\/supermercadoonandi.com\\\/#\\\/schema\\\/logo\\\/image\\\/\"}}]}<\/script>\n<!-- \/ Yoast SEO plugin. -->","yoast_head_json":{"title":"Productos - Onandi Supermercado","robots":{"index":"index","follow":"follow","max-snippet":"max-snippet:-1","max-image-preview":"max-image-preview:large","max-video-preview":"max-video-preview:-1"},"canonical":"https:\/\/supermercadoonandi.com\/eu\/productos\/","og_locale":"en_US","og_type":"article","og_title":"Productos - Onandi Supermercado","og_description":"Productos Productos de primera calidad y caseros Nos esforzamos por ofrecerte frutas y verduras que saben a lo que tienen que saber. Recolectadas en su punto \u00f3ptimo de maduraci\u00f3n, sin procesos industriales, para conservar todo su valor nutritivo y su sabor natural. Frutas de temporada Comer fruta de temporada no solo es m\u00e1s sostenible, tambi\u00e9n [&hellip;]","og_url":"https:\/\/supermercadoonandi.com\/eu\/productos\/","og_site_name":"Onandi Supermercado","article_modified_time":"2025-05-23T07:29:03+00:00","og_image":[{"url":"https:\/\/supermercadoonandi.com\/wp-content\/uploads\/2025\/05\/2148955534-1024x683.jpg","type":"","width":"","height":""}],"twitter_card":"summary_large_image","twitter_misc":{"Est. reading time":"1 minutua"},"schema":{"@context":"https:\/\/schema.org","@graph":[{"@type":"WebPage","@id":"https:\/\/supermercadoonandi.com\/productos\/","url":"https:\/\/supermercadoonandi.com\/productos\/","name":"Productos - Onandi Supermercado","isPartOf":{"@id":"https:\/\/supermercadoonandi.com\/#website"},"primaryImageOfPage":{"@id":"https:\/\/supermercadoonandi.com\/productos\/#primaryimage"},"image":{"@id":"https:\/\/supermercadoonandi.com\/productos\/#primaryimage"},"thumbnailUrl":"https:\/\/supermercadoonandi.com\/wp-content\/uploads\/2025\/05\/2148955534-1024x683.jpg","datePublished":"2025-05-22T11:35:10+00:00","dateModified":"2025-05-23T07:29:03+00:00","breadcrumb":{"@id":"https:\/\/supermercadoonandi.com\/productos\/#breadcrumb"},"inLanguage":"eu","potentialAction":[{"@type":"ReadAction","target":["https:\/\/supermercadoonandi.com\/productos\/"]}]},{"@type":"ImageObject","inLanguage":"eu","@id":"https:\/\/supermercadoonandi.com\/productos\/#primaryimage","url":"https:\/\/supermercadoonandi.com\/wp-content\/uploads\/2025\/05\/2148955534-1024x683.jpg","contentUrl":"https:\/\/supermercadoonandi.com\/wp-content\/uploads\/2025\/05\/2148955534-1024x683.jpg"},{"@type":"BreadcrumbList","@id":"https:\/\/supermercadoonandi.com\/productos\/#breadcrumb","itemListElement":[{"@type":"ListItem","position":1,"name":"Portada","item":"https:\/\/supermercadoonandi.com\/"},{"@type":"ListItem","position":2,"name":"Productos"}]},{"@type":"WebSite","@id":"https:\/\/supermercadoonandi.com\/#website","url":"https:\/\/supermercadoonandi.com\/","name":"Onandi Supermercado","description":"Fruter\u00eda","publisher":{"@id":"https:\/\/supermercadoonandi.com\/#organization"},"potentialAction":[{"@type":"SearchAction","target":{"@type":"EntryPoint","urlTemplate":"https:\/\/supermercadoonandi.com\/?s={search_term_string}"},"query-input":{"@type":"PropertyValueSpecification","valueRequired":true,"valueName":"search_term_string"}}],"inLanguage":"eu"},{"@type":"Organization","@id":"https:\/\/supermercadoonandi.com\/#organization","name":"Onandi Supermercado","url":"https:\/\/supermercadoonandi.com\/","logo":{"@type":"ImageObject","inLanguage":"eu","@id":"https:\/\/supermercadoonandi.com\/#\/schema\/logo\/image\/","url":"https:\/\/supermercadoonandi.com\/wp-content\/uploads\/2025\/05\/cropped-Onandi-1.png","contentUrl":"https:\/\/supermercadoonandi.com\/wp-content\/uploads\/2025\/05\/cropped-Onandi-1.png","width":500,"height":471,"caption":"Onandi Supermercado"},"image":{"@id":"https:\/\/supermercadoonandi.com\/#\/schema\/logo\/image\/"}}]}},"_links":{"self":[{"href":"https:\/\/supermercadoonandi.com\/eu\/wp-json\/wp\/v2\/pages\/11","targetHints":{"allow":["GET"]}}],"collection":[{"href":"https:\/\/supermercadoonandi.com\/eu\/wp-json\/wp\/v2\/pages"}],"about":[{"href":"https:\/\/supermercadoonandi.com\/eu\/wp-json\/wp\/v2\/types\/page"}],"author":[{"embeddable":true,"href":"https:\/\/supermercadoonandi.com\/eu\/wp-json\/wp\/v2\/users\/1"}],"replies":[{"embeddable":true,"href":"https:\/\/supermercadoonandi.com\/eu\/wp-json\/wp\/v2\/comments?post=11"}],"version-history":[{"count":52,"href":"https:\/\/supermercadoonandi.com\/eu\/wp-json\/wp\/v2\/pages\/11\/revisions"}],"predecessor-version":[{"id":305,"href":"https:\/\/supermercadoonandi.com\/eu\/wp-json\/wp\/v2\/pages\/11\/revisions\/305"}],"wp:attachment":[{"href":"https:\/\/supermercadoonandi.com\/eu\/wp-json\/wp\/v2\/media?parent=11"}],"curies":[{"name":"wp","href":"https:\/\/api.w.org\/{rel}","templated":true}]}}