{"id":8,"date":"2025-05-22T11:34:44","date_gmt":"2025-05-22T11:34:44","guid":{"rendered":"https:\/\/supermercadoonandi.rkinformatika.online\/?page_id=8"},"modified":"2025-05-22T16:23:15","modified_gmt":"2025-05-22T16:23:15","slug":"inicio","status":"publish","type":"page","link":"https:\/\/supermercadoonandi.com\/eu\/","title":{"rendered":"Hasiera"},"content":{"rendered":"<div data-elementor-type=\"wp-page\" data-elementor-id=\"8\" class=\"elementor elementor-8\" data-elementor-post-type=\"page\">\n\t\t\t\t<div class=\"elementor-element elementor-element-c5eeaa3 e-flex e-con-boxed e-con e-parent\" data-id=\"c5eeaa3\" data-element_type=\"container\" data-e-type=\"container\">\n\t\t\t\t\t<div class=\"e-con-inner\">\n\t\t\t\t<div class=\"elementor-element elementor-element-cfce7ba elementor-widget elementor-widget-heading\" data-id=\"cfce7ba\" data-element_type=\"widget\" data-e-type=\"widget\" data-widget_type=\"heading.default\">\n\t\t\t\t<div class=\"elementor-widget-container\">\n\t\t\t\t\t<h2 class=\"elementor-heading-title elementor-size-default\">Onandi Supermerkatua<\/h2>\t\t\t\t<\/div>\n\t\t\t\t<\/div>\n\t\t\t\t\t<\/div>\n\t\t\t\t<\/div>\n\t\t<div class=\"elementor-element elementor-element-57e5285 e-flex e-con-boxed e-con e-parent\" data-id=\"57e5285\" data-element_type=\"container\" data-e-type=\"container\">\n\t\t\t\t\t<div class=\"e-con-inner\">\n\t\t<div class=\"elementor-element elementor-element-1cf2e58 e-con-full e-flex e-con e-child\" data-id=\"1cf2e58\" data-element_type=\"container\" data-e-type=\"container\">\n\t\t\t\t<div class=\"elementor-element elementor-element-596bf65 elementor-widget elementor-widget-image\" data-id=\"596bf65\" data-element_type=\"widget\" data-e-type=\"widget\" data-widget_type=\"image.default\">\n\t\t\t\t<div class=\"elementor-widget-container\">\n\t\t\t\t\t\t\t\t\t\t\t\t\t\t\t<img fetchpriority=\"high\" decoding=\"async\" width=\"648\" height=\"482\" src=\"https:\/\/supermercadoonandi.com\/wp-content\/uploads\/2025\/05\/Diseno-sin-titulo.png\" class=\"attachment-large size-large wp-image-85\" alt=\"\" srcset=\"https:\/\/supermercadoonandi.com\/wp-content\/uploads\/2025\/05\/Diseno-sin-titulo.png 648w, https:\/\/supermercadoonandi.com\/wp-content\/uploads\/2025\/05\/Diseno-sin-titulo-300x223.png 300w, https:\/\/supermercadoonandi.com\/wp-content\/uploads\/2025\/05\/Diseno-sin-titulo-16x12.png 16w\" sizes=\"(max-width: 648px) 100vw, 648px\" \/>\t\t\t\t\t\t\t\t\t\t\t\t\t\t\t<\/div>\n\t\t\t\t<\/div>\n\t\t\t\t<\/div>\n\t\t<div class=\"elementor-element elementor-element-06ccd29 e-con-full e-flex e-con e-child\" data-id=\"06ccd29\" data-element_type=\"container\" data-e-type=\"container\">\n\t\t\t\t<div class=\"elementor-element elementor-element-09197ef elementor-widget elementor-widget-heading\" data-id=\"09197ef\" data-element_type=\"widget\" data-e-type=\"widget\" data-widget_type=\"heading.default\">\n\t\t\t\t<div class=\"elementor-widget-container\">\n\t\t\t\t\t<h2 class=\"elementor-heading-title elementor-size-default\">Guri buruz<\/h2>\t\t\t\t<\/div>\n\t\t\t\t<\/div>\n\t\t\t\t<div class=\"elementor-element elementor-element-ef91f82 elementor-widget elementor-widget-text-editor\" data-id=\"ef91f82\" data-element_type=\"widget\" data-e-type=\"widget\" data-widget_type=\"text-editor.default\">\n\t\t\t\t<div class=\"elementor-widget-container\">\n\t\t\t\t\t\t\t\t\t<p data-start=\"226\" data-end=\"480\">En <strong data-start=\"229\" data-end=\"253\">Onandi Supermerkatua<\/strong>kontsumitzeko modu kontzienteago, hurbilago eta iraunkorrago batean sinesten dugu. Zaldibarko gure establezimendutik egunero lan egiten dugu kalitatezko produktuak eskaintzeko, horietako asko etxetik gertu landuak edo landuak.<\/p><p data-start=\"482\" data-end=\"765\">Supermerkatu bat baino gehiago gara: komunitatearen parte gara. Tokiko produktuaren alde egiten dugu, produktu naturala eta konfiantzazkoa. Gure haragia, adibidez, zuzenean gure baserritik dator, non animalien ongizatea zaintzen dugun eta elikaduran transgenikoak erabiltzea saihesten dugun.<\/p><p data-start=\"767\" data-end=\"959\">Onandiko bisita bakoitza gertuko esperientzia bat izatea nahi dugu, non zentzuz erosten duzula sentituko duzun. Hemen arreta pertsonalizatua, produktu freskoa eta gure ingurunearekiko konpromisoa aurkituko dituzu.<\/p><p data-start=\"961\" data-end=\"1024\">Eskerrik asko gugan konfiantza izateagatik eta bertako merkataritzari laguntzeagatik.<\/p>\t\t\t\t\t\t\t\t<\/div>\n\t\t\t\t<\/div>\n\t\t\t\t<\/div>\n\t\t\t\t\t<\/div>\n\t\t\t\t<\/div>\n\t\t<div class=\"elementor-element elementor-element-b79707d e-flex e-con-boxed e-con e-parent\" data-id=\"b79707d\" data-element_type=\"container\" data-e-type=\"container\">\n\t\t\t\t\t<div class=\"e-con-inner\">\n\t\t\t\t<div class=\"elementor-element elementor-element-1b7216a elementor-cta--skin-cover elementor-animated-content elementor-bg-transform elementor-bg-transform-zoom-in elementor-widget elementor-widget-call-to-action\" data-id=\"1b7216a\" data-element_type=\"widget\" data-e-type=\"widget\" data-widget_type=\"call-to-action.default\">\n\t\t\t\t<div class=\"elementor-widget-container\">\n\t\t\t\t\t\t\t<div class=\"elementor-cta\">\n\t\t\t\t\t<div class=\"elementor-cta__bg-wrapper\">\n\t\t\t\t<div class=\"elementor-cta__bg elementor-bg\" style=\"background-image: url(https:\/\/supermercadoonandi.com\/wp-content\/uploads\/2025\/05\/4546-1024x536.jpg);\" role=\"img\" aria-label=\"4546\"><\/div>\n\t\t\t\t<div class=\"elementor-cta__bg-overlay\"><\/div>\n\t\t\t<\/div>\n\t\t\t\t\t\t\t<div class=\"elementor-cta__content\">\n\t\t\t\t\n\t\t\t\t\t\t\t\t\t<h2 class=\"elementor-cta__title elementor-cta__content-item elementor-content-item elementor-animated-item--grow\">\n\t\t\t\t\t\tTokiko zaporea duten produktuak, nabaritzen den kalitatea\t\t\t\t\t<\/h2>\n\t\t\t\t\n\t\t\t\t\t\t\t\t\t<div class=\"elementor-cta__description elementor-cta__content-item elementor-content-item elementor-animated-item--grow\">\n\t\t\t\t\t\tOnandi Supermerkatuan elikagaiak baino askoz gehiago aurkituko dituzu.\t\t\t\t\t<\/div>\n\t\t\t\t\n\t\t\t\t\t\t\t\t\t<div class=\"elementor-cta__button-wrapper elementor-cta__content-item elementor-content-item elementor-animated-item--grow\">\n\t\t\t\t\t<a class=\"elementor-cta__button elementor-button elementor-size-\" href=\"https:\/\/supermercadoonandi.com\/index.php\/productos\/\">\n\t\t\t\t\t\tProduktuak\t\t\t\t\t<\/a>\n\t\t\t\t\t<\/div>\n\t\t\t\t\t\t\t<\/div>\n\t\t\t\t\t\t<\/div>\n\t\t\t\t\t\t<\/div>\n\t\t\t\t<\/div>\n\t\t\t\t\t<\/div>\n\t\t\t\t<\/div>\n\t\t\t\t<\/div>","protected":false},"excerpt":{"rendered":"<p>Onandi Supermerkatua Sobre Nosotros En Onandi Supermerkatua, creemos en una forma de consumir m\u00e1s consciente, cercana y sostenible. Desde nuestro establecimiento en Zaldibar, trabajamos cada d\u00eda para ofrecerte productos de calidad, muchos de ellos cultivados o elaborados cerca de casa. Somos m\u00e1s que un supermercado: somos parte de la comunidad. Apostamos por el producto local, [&hellip;]<\/p>\n","protected":false},"author":1,"featured_media":0,"parent":0,"menu_order":0,"comment_status":"closed","ping_status":"closed","template":"","meta":{"footnotes":""},"class_list":["post-8","page","type-page","status-publish","hentry"],"yoast_head":"<!-- This site is optimized with the Yoast SEO plugin v27.3 - https:\/\/yoast.com\/product\/yoast-seo-wordpress\/ -->\n<title>Inicio - Onandi Supermercado<\/title>\n<meta name=\"robots\" content=\"index, follow, max-snippet:-1, max-image-preview:large, max-video-preview:-1\" \/>\n<link rel=\"canonical\" href=\"https:\/\/supermercadoonandi.com\/eu\/\" \/>\n<meta property=\"og:locale\" content=\"en_US\" \/>\n<meta property=\"og:type\" content=\"article\" \/>\n<meta property=\"og:title\" content=\"Inicio - Onandi Supermercado\" \/>\n<meta property=\"og:description\" content=\"Onandi Supermerkatua Sobre Nosotros En Onandi Supermerkatua, creemos en una forma de consumir m\u00e1s consciente, cercana y sostenible. Desde nuestro establecimiento en Zaldibar, trabajamos cada d\u00eda para ofrecerte productos de calidad, muchos de ellos cultivados o elaborados cerca de casa. Somos m\u00e1s que un supermercado: somos parte de la comunidad. Apostamos por el producto local, [&hellip;]\" \/>\n<meta property=\"og:url\" content=\"https:\/\/supermercadoonandi.com\/eu\/\" \/>\n<meta property=\"og:site_name\" content=\"Onandi Supermercado\" \/>\n<meta property=\"article:modified_time\" content=\"2025-05-22T16:23:15+00:00\" \/>\n<meta property=\"og:image\" content=\"https:\/\/supermercadoonandi.com\/wp-content\/uploads\/2025\/05\/Diseno-sin-titulo.png\" \/>\n<meta name=\"twitter:card\" content=\"summary_large_image\" \/>\n<meta name=\"twitter:label1\" content=\"Est. reading time\" \/>\n\t<meta name=\"twitter:data1\" content=\"1 minutua\" \/>\n<script type=\"application\/ld+json\" class=\"yoast-schema-graph\">{\"@context\":\"https:\\\/\\\/schema.org\",\"@graph\":[{\"@type\":\"WebPage\",\"@id\":\"https:\\\/\\\/supermercadoonandi.com\\\/\",\"url\":\"https:\\\/\\\/supermercadoonandi.com\\\/\",\"name\":\"Inicio - Onandi Supermercado\",\"isPartOf\":{\"@id\":\"https:\\\/\\\/supermercadoonandi.com\\\/#website\"},\"primaryImageOfPage\":{\"@id\":\"https:\\\/\\\/supermercadoonandi.com\\\/#primaryimage\"},\"image\":{\"@id\":\"https:\\\/\\\/supermercadoonandi.com\\\/#primaryimage\"},\"thumbnailUrl\":\"https:\\\/\\\/supermercadoonandi.com\\\/wp-content\\\/uploads\\\/2025\\\/05\\\/Diseno-sin-titulo.png\",\"datePublished\":\"2025-05-22T11:34:44+00:00\",\"dateModified\":\"2025-05-22T16:23:15+00:00\",\"breadcrumb\":{\"@id\":\"https:\\\/\\\/supermercadoonandi.com\\\/#breadcrumb\"},\"inLanguage\":\"eu\",\"potentialAction\":[{\"@type\":\"ReadAction\",\"target\":[\"https:\\\/\\\/supermercadoonandi.com\\\/\"]}]},{\"@type\":\"ImageObject\",\"inLanguage\":\"eu\",\"@id\":\"https:\\\/\\\/supermercadoonandi.com\\\/#primaryimage\",\"url\":\"https:\\\/\\\/supermercadoonandi.com\\\/wp-content\\\/uploads\\\/2025\\\/05\\\/Diseno-sin-titulo.png\",\"contentUrl\":\"https:\\\/\\\/supermercadoonandi.com\\\/wp-content\\\/uploads\\\/2025\\\/05\\\/Diseno-sin-titulo.png\"},{\"@type\":\"BreadcrumbList\",\"@id\":\"https:\\\/\\\/supermercadoonandi.com\\\/#breadcrumb\",\"itemListElement\":[{\"@type\":\"ListItem\",\"position\":1,\"name\":\"Portada\",\"item\":\"https:\\\/\\\/supermercadoonandi.com\\\/\"},{\"@type\":\"ListItem\",\"position\":2,\"name\":\"Inicio\"}]},{\"@type\":\"WebSite\",\"@id\":\"https:\\\/\\\/supermercadoonandi.com\\\/#website\",\"url\":\"https:\\\/\\\/supermercadoonandi.com\\\/\",\"name\":\"Onandi Supermercado\",\"description\":\"Fruter\u00eda\",\"publisher\":{\"@id\":\"https:\\\/\\\/supermercadoonandi.com\\\/#organization\"},\"potentialAction\":[{\"@type\":\"SearchAction\",\"target\":{\"@type\":\"EntryPoint\",\"urlTemplate\":\"https:\\\/\\\/supermercadoonandi.com\\\/?s={search_term_string}\"},\"query-input\":{\"@type\":\"PropertyValueSpecification\",\"valueRequired\":true,\"valueName\":\"search_term_string\"}}],\"inLanguage\":\"eu\"},{\"@type\":\"Organization\",\"@id\":\"https:\\\/\\\/supermercadoonandi.com\\\/#organization\",\"name\":\"Onandi Supermercado\",\"url\":\"https:\\\/\\\/supermercadoonandi.com\\\/\",\"logo\":{\"@type\":\"ImageObject\",\"inLanguage\":\"eu\",\"@id\":\"https:\\\/\\\/supermercadoonandi.com\\\/#\\\/schema\\\/logo\\\/image\\\/\",\"url\":\"https:\\\/\\\/supermercadoonandi.com\\\/wp-content\\\/uploads\\\/2025\\\/05\\\/cropped-Onandi-1.png\",\"contentUrl\":\"https:\\\/\\\/supermercadoonandi.com\\\/wp-content\\\/uploads\\\/2025\\\/05\\\/cropped-Onandi-1.png\",\"width\":500,\"height\":471,\"caption\":\"Onandi Supermercado\"},\"image\":{\"@id\":\"https:\\\/\\\/supermercadoonandi.com\\\/#\\\/schema\\\/logo\\\/image\\\/\"}}]}<\/script>\n<!-- \/ Yoast SEO plugin. -->","yoast_head_json":{"title":"Inicio - Onandi Supermercado","robots":{"index":"index","follow":"follow","max-snippet":"max-snippet:-1","max-image-preview":"max-image-preview:large","max-video-preview":"max-video-preview:-1"},"canonical":"https:\/\/supermercadoonandi.com\/eu\/","og_locale":"en_US","og_type":"article","og_title":"Inicio - Onandi Supermercado","og_description":"Onandi Supermerkatua Sobre Nosotros En Onandi Supermerkatua, creemos en una forma de consumir m\u00e1s consciente, cercana y sostenible. Desde nuestro establecimiento en Zaldibar, trabajamos cada d\u00eda para ofrecerte productos de calidad, muchos de ellos cultivados o elaborados cerca de casa. Somos m\u00e1s que un supermercado: somos parte de la comunidad. Apostamos por el producto local, [&hellip;]","og_url":"https:\/\/supermercadoonandi.com\/eu\/","og_site_name":"Onandi Supermercado","article_modified_time":"2025-05-22T16:23:15+00:00","og_image":[{"url":"https:\/\/supermercadoonandi.com\/wp-content\/uploads\/2025\/05\/Diseno-sin-titulo.png","type":"","width":"","height":""}],"twitter_card":"summary_large_image","twitter_misc":{"Est. reading time":"1 minutua"},"schema":{"@context":"https:\/\/schema.org","@graph":[{"@type":"WebPage","@id":"https:\/\/supermercadoonandi.com\/","url":"https:\/\/supermercadoonandi.com\/","name":"Inicio - Onandi Supermercado","isPartOf":{"@id":"https:\/\/supermercadoonandi.com\/#website"},"primaryImageOfPage":{"@id":"https:\/\/supermercadoonandi.com\/#primaryimage"},"image":{"@id":"https:\/\/supermercadoonandi.com\/#primaryimage"},"thumbnailUrl":"https:\/\/supermercadoonandi.com\/wp-content\/uploads\/2025\/05\/Diseno-sin-titulo.png","datePublished":"2025-05-22T11:34:44+00:00","dateModified":"2025-05-22T16:23:15+00:00","breadcrumb":{"@id":"https:\/\/supermercadoonandi.com\/#breadcrumb"},"inLanguage":"eu","potentialAction":[{"@type":"ReadAction","target":["https:\/\/supermercadoonandi.com\/"]}]},{"@type":"ImageObject","inLanguage":"eu","@id":"https:\/\/supermercadoonandi.com\/#primaryimage","url":"https:\/\/supermercadoonandi.com\/wp-content\/uploads\/2025\/05\/Diseno-sin-titulo.png","contentUrl":"https:\/\/supermercadoonandi.com\/wp-content\/uploads\/2025\/05\/Diseno-sin-titulo.png"},{"@type":"BreadcrumbList","@id":"https:\/\/supermercadoonandi.com\/#breadcrumb","itemListElement":[{"@type":"ListItem","position":1,"name":"Portada","item":"https:\/\/supermercadoonandi.com\/"},{"@type":"ListItem","position":2,"name":"Inicio"}]},{"@type":"WebSite","@id":"https:\/\/supermercadoonandi.com\/#website","url":"https:\/\/supermercadoonandi.com\/","name":"Onandi Supermercado","description":"Fruter\u00eda","publisher":{"@id":"https:\/\/supermercadoonandi.com\/#organization"},"potentialAction":[{"@type":"SearchAction","target":{"@type":"EntryPoint","urlTemplate":"https:\/\/supermercadoonandi.com\/?s={search_term_string}"},"query-input":{"@type":"PropertyValueSpecification","valueRequired":true,"valueName":"search_term_string"}}],"inLanguage":"eu"},{"@type":"Organization","@id":"https:\/\/supermercadoonandi.com\/#organization","name":"Onandi Supermercado","url":"https:\/\/supermercadoonandi.com\/","logo":{"@type":"ImageObject","inLanguage":"eu","@id":"https:\/\/supermercadoonandi.com\/#\/schema\/logo\/image\/","url":"https:\/\/supermercadoonandi.com\/wp-content\/uploads\/2025\/05\/cropped-Onandi-1.png","contentUrl":"https:\/\/supermercadoonandi.com\/wp-content\/uploads\/2025\/05\/cropped-Onandi-1.png","width":500,"height":471,"caption":"Onandi Supermercado"},"image":{"@id":"https:\/\/supermercadoonandi.com\/#\/schema\/logo\/image\/"}}]}},"_links":{"self":[{"href":"https:\/\/supermercadoonandi.com\/eu\/wp-json\/wp\/v2\/pages\/8","targetHints":{"allow":["GET"]}}],"collection":[{"href":"https:\/\/supermercadoonandi.com\/eu\/wp-json\/wp\/v2\/pages"}],"about":[{"href":"https:\/\/supermercadoonandi.com\/eu\/wp-json\/wp\/v2\/types\/page"}],"author":[{"embeddable":true,"href":"https:\/\/supermercadoonandi.com\/eu\/wp-json\/wp\/v2\/users\/1"}],"replies":[{"embeddable":true,"href":"https:\/\/supermercadoonandi.com\/eu\/wp-json\/wp\/v2\/comments?post=8"}],"version-history":[{"count":65,"href":"https:\/\/supermercadoonandi.com\/eu\/wp-json\/wp\/v2\/pages\/8\/revisions"}],"predecessor-version":[{"id":327,"href":"https:\/\/supermercadoonandi.com\/eu\/wp-json\/wp\/v2\/pages\/8\/revisions\/327"}],"wp:attachment":[{"href":"https:\/\/supermercadoonandi.com\/eu\/wp-json\/wp\/v2\/media?parent=8"}],"curies":[{"name":"wp","href":"https:\/\/api.w.org\/{rel}","templated":true}]}}